{"id":35,"date":"2024-09-13T04:23:48","date_gmt":"2024-09-13T04:23:48","guid":{"rendered":"https:\/\/slidelabpresentations.com\/?page_id=35"},"modified":"2025-02-18T16:29:44","modified_gmt":"2025-02-18T16:29:44","slug":"contactos","status":"publish","type":"page","link":"https:\/\/slidelabpresentations.com\/en\/contactos\/","title":{"rendered":"CONTACTS"},"content":{"rendered":"<div data-elementor-type=\"wp-page\" data-elementor-id=\"35\" class=\"elementor elementor-35\" data-elementor-post-type=\"page\">\n\t\t\t\t<div class=\"elementor-element elementor-element-f01c553 e-flex e-con-boxed e-con e-parent\" data-id=\"f01c553\" data-element_type=\"container\" data-e-type=\"container\" data-settings=\"{&quot;background_background&quot;:&quot;classic&quot;}\">\n\t\t\t\t\t<div class=\"e-con-inner\">\n\t\t<div class=\"elementor-element elementor-element-ace5d24 e-con-full e-flex e-con e-child\" data-id=\"ace5d24\" data-element_type=\"container\" data-e-type=\"container\">\n\t\t\t\t<div class=\"elementor-element elementor-element-4285316 elementor-widget elementor-widget-heading\" data-id=\"4285316\" data-element_type=\"widget\" data-e-type=\"widget\" data-widget_type=\"heading.default\">\n\t\t\t\t<div class=\"elementor-widget-container\">\n\t\t\t\t\t<h2 class=\"elementor-heading-title elementor-size-default\">Get in touch<\/h2>\t\t\t\t<\/div>\n\t\t\t\t<\/div>\n\t\t\t\t<div class=\"elementor-element elementor-element-8506572 elementor-widget__width-initial elementor-widget-mobile__width-inherit elementor-widget elementor-widget-text-editor\" data-id=\"8506572\" data-element_type=\"widget\" data-e-type=\"widget\" data-widget_type=\"text-editor.default\">\n\t\t\t\t<div class=\"elementor-widget-container\">\n\t\t\t\t\t\t\t\t\t<p class=\"translation-block\"><strong>Fill in your information below<\/strong> and a communication consultant will contact you as soon as possible.<\/p>\t\t\t\t\t\t\t\t<\/div>\n\t\t\t\t<\/div>\n\t\t\t\t<\/div>\n\t\t<div class=\"elementor-element elementor-element-e6e0c08 e-con-full e-grid e-con e-child\" data-id=\"e6e0c08\" data-element_type=\"container\" data-e-type=\"container\">\n\t\t\t\t<div class=\"elementor-element elementor-element-2e89c36 elementor-widget elementor-widget-html\" data-id=\"2e89c36\" data-element_type=\"widget\" data-e-type=\"widget\" data-widget_type=\"html.default\">\n\t\t\t\t<div class=\"elementor-widget-container\">\n\t\t\t\t\t<iframe\n  src=\"https:\/\/api.scale-labs.com\/widget\/form\/muFqU8WxkAbAEnFhmRmV\"\n  style=\"width:100%;height:100%;border:none;border-radius:3px\"\n  id=\"inline-muFqU8WxkAbAEnFhmRmV\" \n  data-layout=\"{'id':'INLINE'}\"\n  data-trigger-type=\"alwaysShow\"\n  data-trigger-value=\"\"\n  data-activation-type=\"alwaysActivated\"\n  data-activation-value=\"\"\n  data-deactivation-type=\"neverDeactivate\"\n  data-deactivation-value=\"\"\n  data-form-name=\"Contact Form - Website\"\n  data-height=\"639\"\n  data-layout-iframe-id=\"inline-muFqU8WxkAbAEnFhmRmV\"\n  data-form-id=\"muFqU8WxkAbAEnFhmRmV\"\n  title=\"Contact Form - Website\"\n      >\n<\/iframe>\n<script src=\"https:\/\/api.scale-labs.com\/js\/form_embed.js\"><\/script>\t\t\t\t<\/div>\n\t\t\t\t<\/div>\n\t\t<div class=\"elementor-element elementor-element-72f331e e-con-full e-flex e-con e-child\" data-id=\"72f331e\" data-element_type=\"container\" data-e-type=\"container\">\n\t\t\t\t<div class=\"elementor-element elementor-element-ed40c9f elementor-widget elementor-widget-icon-box\" data-id=\"ed40c9f\" data-element_type=\"widget\" data-e-type=\"widget\" data-widget_type=\"icon-box.default\">\n\t\t\t\t<div class=\"elementor-widget-container\">\n\t\t\t\t\t\t\t<div class=\"elementor-icon-box-wrapper\">\n\n\t\t\t\n\t\t\t\t\t\t<div class=\"elementor-icon-box-content\">\n\n\t\t\t\t\t\t\t\t\t<h3 class=\"elementor-icon-box-title\">\n\t\t\t\t\t\t<span  >\n\t\t\t\t\t\t\tAddress\t\t\t\t\t\t<\/span>\n\t\t\t\t\t<\/h3>\n\t\t\t\t\n\t\t\t\t\t\t\t\t\t<p class=\"elementor-icon-box-description\">\n\t\t\t\t\t\tAv. Roma, 48 - Lisboa\t\t\t\t\t<\/p>\n\t\t\t\t\n\t\t\t<\/div>\n\t\t\t\n\t\t<\/div>\n\t\t\t\t\t\t<\/div>\n\t\t\t\t<\/div>\n\t\t\t\t<div class=\"elementor-element elementor-element-79b9e15 elementor-widget elementor-widget-icon-box\" data-id=\"79b9e15\" data-element_type=\"widget\" data-e-type=\"widget\" data-widget_type=\"icon-box.default\">\n\t\t\t\t<div class=\"elementor-widget-container\">\n\t\t\t\t\t\t\t<div class=\"elementor-icon-box-wrapper\">\n\n\t\t\t\n\t\t\t\t\t\t<div class=\"elementor-icon-box-content\">\n\n\t\t\t\t\t\t\t\t\t<h3 class=\"elementor-icon-box-title\">\n\t\t\t\t\t\t<span  >\n\t\t\t\t\t\t\tTelephone\t\t\t\t\t\t<\/span>\n\t\t\t\t\t<\/h3>\n\t\t\t\t\n\t\t\t\t\t\t\t\t\t<p class=\"elementor-icon-box-description\">\n\t\t\t\t\t\t+351 210 966 206\t\t\t\t\t<\/p>\n\t\t\t\t\n\t\t\t<\/div>\n\t\t\t\n\t\t<\/div>\n\t\t\t\t\t\t<\/div>\n\t\t\t\t<\/div>\n\t\t\t\t<div class=\"elementor-element elementor-element-66c041f elementor-widget elementor-widget-icon-box\" data-id=\"66c041f\" data-element_type=\"widget\" data-e-type=\"widget\" data-widget_type=\"icon-box.default\">\n\t\t\t\t<div class=\"elementor-widget-container\">\n\t\t\t\t\t\t\t<div class=\"elementor-icon-box-wrapper\">\n\n\t\t\t\n\t\t\t\t\t\t<div class=\"elementor-icon-box-content\">\n\n\t\t\t\t\t\t\t\t\t<h3 class=\"elementor-icon-box-title\">\n\t\t\t\t\t\t<span  >\n\t\t\t\t\t\t\tE-mail\t\t\t\t\t\t<\/span>\n\t\t\t\t\t<\/h3>\n\t\t\t\t\n\t\t\t\t\t\t\t\t\t<p class=\"elementor-icon-box-description\">\n\t\t\t\t\t\thello@slidelabpresentations.com\t\t\t\t\t<\/p>\n\t\t\t\t\n\t\t\t<\/div>\n\t\t\t\n\t\t<\/div>\n\t\t\t\t\t\t<\/div>\n\t\t\t\t<\/div>\n\t\t\t\t<div class=\"elementor-element elementor-element-e70ff53 elementor-widget elementor-widget-icon-box\" data-id=\"e70ff53\" data-element_type=\"widget\" data-e-type=\"widget\" data-widget_type=\"icon-box.default\">\n\t\t\t\t<div class=\"elementor-widget-container\">\n\t\t\t\t\t\t\t<div class=\"elementor-icon-box-wrapper\">\n\n\t\t\t\n\t\t\t\t\t\t<div class=\"elementor-icon-box-content\">\n\n\t\t\t\t\t\t\t\t\t<h3 class=\"elementor-icon-box-title\">\n\t\t\t\t\t\t<span  >\n\t\t\t\t\t\t\tSocial Media\t\t\t\t\t\t<\/span>\n\t\t\t\t\t<\/h3>\n\t\t\t\t\n\t\t\t\t\n\t\t\t<\/div>\n\t\t\t\n\t\t<\/div>\n\t\t\t\t\t\t<\/div>\n\t\t\t\t<\/div>\n\t\t\t\t<div class=\"elementor-element elementor-element-2f93571 e-grid-align-left elementor-shape-rounded elementor-grid-0 elementor-widget elementor-widget-social-icons\" data-id=\"2f93571\" data-element_type=\"widget\" data-e-type=\"widget\" data-widget_type=\"social-icons.default\">\n\t\t\t\t<div class=\"elementor-widget-container\">\n\t\t\t\t\t\t\t<div class=\"elementor-social-icons-wrapper elementor-grid\" role=\"list\">\n\t\t\t\t\t\t\t<span class=\"elementor-grid-item\" role=\"listitem\">\n\t\t\t\t\t<a class=\"elementor-icon elementor-social-icon elementor-social-icon- elementor-repeater-item-6cab8bb\" href=\"https:\/\/www.linkedin.com\/company\/slide-lab-presentations\/?originalSubdomain=pt\" target=\"_blank\">\n\t\t\t\t\t\t<span class=\"elementor-screen-only\"><\/span>\n\t\t\t\t\t\t<svg xmlns=\"http:\/\/www.w3.org\/2000\/svg\" width=\"27\" height=\"27\" viewbox=\"0 0 27 27\" fill=\"none\"><path d=\"M24.5576 0H2.44237C1.0935 0 0 1.0935 0 2.44237V24.5576C0 25.9065 1.0935 27 2.44237 27H24.5576C25.9065 27 27 25.9065 27 24.5576V2.44237C27 1.0935 25.9065 0 24.5576 0ZM8.35495 23.3136C8.35495 23.7061 8.03674 24.0243 7.64418 24.0243H4.61863C4.22607 24.0243 3.90786 23.7061 3.90786 23.3136V10.6306C3.90786 10.238 4.22607 9.91981 4.61863 9.91981H7.64418C8.03674 9.91981 8.35495 10.238 8.35495 10.6306V23.3136ZM6.1314 8.72425C4.54399 8.72425 3.2571 7.43737 3.2571 5.84995C3.2571 4.26254 4.54399 2.97565 6.1314 2.97565C7.71882 2.97565 9.0057 4.26254 9.0057 5.84995C9.0057 7.43737 7.71889 8.72425 6.1314 8.72425ZM24.1664 23.3708C24.1664 23.7317 23.8738 24.0243 23.5129 24.0243H20.2663C19.9054 24.0243 19.6127 23.7317 19.6127 23.3708V17.4218C19.6127 16.5343 19.8731 13.5329 17.2935 13.5329C15.2926 13.5329 14.8868 15.5873 14.8053 16.5092V23.3708C14.8053 23.7317 14.5127 24.0243 14.1517 24.0243H11.0117C10.6508 24.0243 10.3582 23.7317 10.3582 23.3708V10.5733C10.3582 10.2124 10.6508 9.91981 11.0117 9.91981H14.1517C14.5126 9.91981 14.8053 10.2124 14.8053 10.5733V11.6798C15.5472 10.5664 16.6498 9.70699 18.9975 9.70699C24.1962 9.70699 24.1664 14.5639 24.1664 17.2325V23.3708Z\" fill=\"#D6DFE2\"><\/path><\/svg>\t\t\t\t\t<\/a>\n\t\t\t\t<\/span>\n\t\t\t\t\t\t\t<span class=\"elementor-grid-item\" role=\"listitem\">\n\t\t\t\t\t<a class=\"elementor-icon elementor-social-icon elementor-social-icon- elementor-repeater-item-ae0c346\" href=\"https:\/\/www.instagram.com\/slidelabpresentations\/\" target=\"_blank\">\n\t\t\t\t\t\t<span class=\"elementor-screen-only\"><\/span>\n\t\t\t\t\t\t<svg xmlns=\"http:\/\/www.w3.org\/2000\/svg\" width=\"27\" height=\"27\" viewbox=\"0 0 27 27\" fill=\"none\"><path d=\"M13.5 2.43248C17.1046 2.43248 17.5316 2.4462 18.9551 2.51115C20.2713 2.57122 20.9862 2.79115 21.4619 2.97597C22.092 3.22087 22.5418 3.51347 23.0142 3.98585C23.4865 4.45823 23.7791 4.90799 24.024 5.53809C24.2089 6.01384 24.4288 6.72866 24.4888 8.04484C24.5538 9.46842 24.5675 9.89535 24.5675 13.5C24.5675 17.1047 24.5538 17.5316 24.4888 18.9552C24.4288 20.2714 24.2089 20.9862 24.024 21.462C23.7791 22.0921 23.4865 22.5418 23.0142 23.0142C22.5418 23.4866 22.092 23.7792 21.4619 24.024C20.9862 24.2089 20.2713 24.4288 18.9551 24.4889C17.5318 24.5539 17.1049 24.5676 13.5 24.5676C9.89509 24.5676 9.46815 24.5539 8.04484 24.4889C6.7286 24.4288 6.01379 24.2089 5.53809 24.024C4.90794 23.7792 4.45817 23.4866 3.98579 23.0142C3.51341 22.5418 3.22082 22.0921 2.97597 21.462C2.79109 20.9862 2.57117 20.2714 2.5111 18.9552C2.44615 17.5316 2.43243 17.1047 2.43243 13.5C2.43243 9.89535 2.44615 9.46842 2.5111 8.0449C2.57117 6.72866 2.79109 6.01384 2.97597 5.53809C3.22082 4.90799 3.51341 4.45823 3.98579 3.98585C4.45817 3.51347 4.90794 3.22087 5.53809 2.97597C6.01379 2.79115 6.7286 2.57122 8.04479 2.51115C9.46836 2.4462 9.8953 2.43248 13.5 2.43248ZM13.5 0C9.83357 0 9.37389 0.0155406 7.93397 0.0812399C6.497 0.146832 5.51569 0.375011 4.65693 0.708759C3.76919 1.05376 3.01633 1.51537 2.26582 2.26588C1.51532 3.01638 1.05371 3.76924 0.708706 4.65699C0.374958 5.51574 0.146778 6.49705 0.0811863 7.93402C0.015487 9.37389 0 9.83362 0 13.5C0 17.1664 0.015487 17.6262 0.0811863 19.066C0.146778 20.503 0.374958 21.4843 0.708706 22.3431C1.05371 23.2308 1.51532 23.9837 2.26582 24.7342C3.01633 25.4847 3.76919 25.9463 4.65693 26.2913C5.51569 26.625 6.497 26.8532 7.93397 26.9188C9.37389 26.9845 9.83357 27 13.5 27C17.1664 27 17.6261 26.9845 19.066 26.9188C20.503 26.8532 21.4843 26.625 22.343 26.2913C23.2308 25.9463 23.9836 25.4847 24.7341 24.7342C25.4846 23.9837 25.9462 23.2308 26.2912 22.3431C26.625 21.4843 26.8532 20.503 26.9188 19.066C26.9845 17.6262 27 17.1664 27 13.5C27 9.83362 26.9845 9.37389 26.9188 7.93402C26.8532 6.49705 26.625 5.51574 26.2912 4.65699C25.9462 3.76924 25.4846 3.01638 24.7341 2.26588C23.9836 1.51537 23.2308 1.05376 22.343 0.708759C21.4843 0.375011 20.503 0.146832 19.066 0.0812399C17.6261 0.0155406 17.1664 0 13.5 0ZM13.5 6.56757C9.6713 6.56757 6.56752 9.67136 6.56752 13.5C6.56752 17.3287 9.6713 20.4325 13.5 20.4325C17.3286 20.4325 20.4324 17.3287 20.4324 13.5C20.4324 9.67136 17.3286 6.56757 13.5 6.56757ZM13.5 18.0001C11.0147 18.0001 8.99995 15.9853 8.99995 13.5C8.99995 11.0148 11.0147 9 13.5 9C15.9852 9 18 11.0148 18 13.5C18 15.9853 15.9852 18.0001 13.5 18.0001ZM22.3263 6.29368C22.3263 7.18839 21.601 7.91371 20.7063 7.91371C19.8116 7.91371 19.0863 7.18839 19.0863 6.29368C19.0863 5.39897 19.8116 4.67371 20.7063 4.67371C21.601 4.67371 22.3263 5.39897 22.3263 6.29368Z\" fill=\"#D6DFE2\"><\/path><\/svg>\t\t\t\t\t<\/a>\n\t\t\t\t<\/span>\n\t\t\t\t\t\t\t<span class=\"elementor-grid-item\" role=\"listitem\">\n\t\t\t\t\t<a class=\"elementor-icon elementor-social-icon elementor-social-icon- elementor-repeater-item-65f7c02\" href=\"https:\/\/www.facebook.com\/slidelabpresentations\/\" target=\"_blank\">\n\t\t\t\t\t\t<span class=\"elementor-screen-only\"><\/span>\n\t\t\t\t\t\t<svg xmlns=\"http:\/\/www.w3.org\/2000\/svg\" width=\"27\" height=\"27\" viewbox=\"0 0 27 27\" fill=\"none\"><path d=\"M23.3616 0H3.63833C1.62898 0 0 1.6289 0 3.6383V23.3616C0 25.371 1.62891 26.9999 3.63833 26.9999H13.3658L13.3823 17.3516H10.8757C10.5499 17.3516 10.2855 17.0882 10.2843 16.7624L10.2723 13.6524C10.271 13.3248 10.5362 13.0587 10.8637 13.0587H13.3658V10.0536C13.3658 6.56619 15.4957 4.66728 18.6067 4.66728H21.1595C21.4861 4.66728 21.751 4.93207 21.751 5.25875V7.88115C21.751 8.2077 21.4863 8.47242 21.1598 8.47262L19.5932 8.47335C17.9014 8.47335 17.5738 9.2773 17.5738 10.4571V13.0587H21.2914C21.6456 13.0587 21.9204 13.368 21.8787 13.7198L21.51 16.8299C21.4748 17.1275 21.2224 17.3517 20.9227 17.3517H17.5903L17.5738 27H23.3617C25.3711 27 27 25.3711 27 23.3618V3.6383C26.9999 1.6289 25.371 0 23.3616 0Z\" fill=\"#D6DFE2\"><\/path><\/svg>\t\t\t\t\t<\/a>\n\t\t\t\t<\/span>\n\t\t\t\t\t<\/div>\n\t\t\t\t\t\t<\/div>\n\t\t\t\t<\/div>\n\t\t\t\t<\/div>\n\t\t\t\t<\/div>\n\t\t\t\t\t<\/div>\n\t\t\t\t<\/div>\n\t\t\t\t<\/div>","protected":false},"excerpt":{"rendered":"<p>ENTRE EM CONTACTO Preencha os seus dados abaixo e um consultor de comunica\u00e7\u00e3o entrar\u00e1 em contacto consigo assim que poss\u00edvel.\u00a0 Morada Av. Roma, 48 &#8211; Lisboa Telefone +351 210 966 206 E-mail hello@slidelabpresentations.com Redes Sociais<\/p>","protected":false},"author":7,"featured_media":0,"parent":0,"menu_order":0,"comment_status":"closed","ping_status":"closed","template":"","meta":{"footnotes":""},"class_list":["post-35","page","type-page","status-publish","hentry"],"acf":[],"_links":{"self":[{"href":"https:\/\/slidelabpresentations.com\/en\/wp-json\/wp\/v2\/pages\/35","targetHints":{"allow":["GET"]}}],"collection":[{"href":"https:\/\/slidelabpresentations.com\/en\/wp-json\/wp\/v2\/pages"}],"about":[{"href":"https:\/\/slidelabpresentations.com\/en\/wp-json\/wp\/v2\/types\/page"}],"author":[{"embeddable":true,"href":"https:\/\/slidelabpresentations.com\/en\/wp-json\/wp\/v2\/users\/7"}],"replies":[{"embeddable":true,"href":"https:\/\/slidelabpresentations.com\/en\/wp-json\/wp\/v2\/comments?post=35"}],"version-history":[{"count":99,"href":"https:\/\/slidelabpresentations.com\/en\/wp-json\/wp\/v2\/pages\/35\/revisions"}],"predecessor-version":[{"id":10751,"href":"https:\/\/slidelabpresentations.com\/en\/wp-json\/wp\/v2\/pages\/35\/revisions\/10751"}],"wp:attachment":[{"href":"https:\/\/slidelabpresentations.com\/en\/wp-json\/wp\/v2\/media?parent=35"}],"curies":[{"name":"wp","href":"https:\/\/api.w.org\/{rel}","templated":true}]}}