{"id":10563,"date":"2025-04-24T12:05:47","date_gmt":"2025-04-24T12:05:47","guid":{"rendered":"https:\/\/slidelabpresentations.com\/?page_id=10563"},"modified":"2025-04-24T16:34:01","modified_gmt":"2025-04-24T16:34:01","slug":"recrutamento-account-executive","status":"publish","type":"page","link":"https:\/\/slidelabpresentations.com\/en\/recrutamento-account-executive\/","title":{"rendered":"Recrutamento &#8211; Account Executive"},"content":{"rendered":"<div data-elementor-type=\"wp-page\" data-elementor-id=\"10563\" class=\"elementor elementor-10563\" data-elementor-post-type=\"page\">\n\t\t\t\t<div class=\"elementor-element elementor-element-a97bb24 e-flex e-con-boxed e-con e-parent\" data-id=\"a97bb24\" data-element_type=\"container\" data-e-type=\"container\">\n\t\t\t\t\t<div class=\"e-con-inner\">\n\t\t\t\t<div class=\"elementor-element elementor-element-cacc419 elementor-widget elementor-widget-heading\" data-id=\"cacc419\" data-element_type=\"widget\" data-e-type=\"widget\" data-widget_type=\"heading.default\">\n\t\t\t\t<div class=\"elementor-widget-container\">\n\t\t\t\t\t<h2 class=\"elementor-heading-title elementor-size-default\">ACCOUNT EXECUTIVE<\/h2>\t\t\t\t<\/div>\n\t\t\t\t<\/div>\n\t\t\t\t<div class=\"elementor-element elementor-element-e1dbc6b elementor-widget elementor-widget-text-editor\" data-id=\"e1dbc6b\" data-element_type=\"widget\" data-e-type=\"widget\" data-widget_type=\"text-editor.default\">\n\t\t\t\t<div class=\"elementor-widget-container\">\n\t\t\t\t\t\t\t\t\t<h3><strong>Descri\u00e7\u00e3o:<\/strong><\/h3><p style=\"font-weight: 400;\">A\u00a0<strong>Slide Lab<\/strong>\u00a0\u00e9 uma ag\u00eancia de storytelling e design de apresenta\u00e7\u00f5es de alto impacto e tem como prop\u00f3sito ajudar as pessoas e as empresas a comunicar de forma mais envolvente, din\u00e2mica e eficaz. Somos uma ag\u00eancia em crescimento, com clientes nacionais e internacionais, e procuramos um(a)\u00a0<strong>Account Executive<\/strong>\u00a0para integrar a nossa equipa comercial.<\/p><p style=\"font-weight: 400;\">Como\u00a0<strong>Account Executive,<\/strong>\u00a0ser\u00e1s respons\u00e1vel pela gest\u00e3o integral da carteira de potenciais clientes e de todo o processo de vendas \u2013 desde o primeiro contacto at\u00e9 \u00e0 adjudica\u00e7\u00e3o formal. O teu foco ser\u00e1 garantir um fluxo cont\u00ednuo de leads qualificadas, identificar novas oportunidades de neg\u00f3cio e maximizar a taxa de convers\u00e3o. Al\u00e9m de impulsionar novas aquisi\u00e7\u00f5es, ter\u00e1s um papel estrat\u00e9gico na gest\u00e3o e desenvolvimento da carteira de clientes, contribuindo diretamente para o crescimento sustent\u00e1vel e sucesso da empresa.<\/p><p style=\"font-weight: 400;\">Se te consideras uma pessoa apaixonada por storytelling e criatividade e tens um talento natural para vendas e comunica\u00e7\u00e3o, queremos-te connosco!<\/p>\t\t\t\t\t\t\t\t<\/div>\n\t\t\t\t<\/div>\n\t\t\t\t<div class=\"elementor-element elementor-element-37f2ac6 elementor-widget elementor-widget-text-editor\" data-id=\"37f2ac6\" data-element_type=\"widget\" data-e-type=\"widget\" data-widget_type=\"text-editor.default\">\n\t\t\t\t<div class=\"elementor-widget-container\">\n\t\t\t\t\t\t\t\t\t<h3 style=\"font-weight: 400;\"><strong>Procuramos algu\u00e9m com:<\/strong><\/h3><ul style=\"font-weight: 400;\"><li><strong>Excelentes Habilidades de Comunica\u00e7\u00e3o e Negocia\u00e7\u00e3o:<\/strong>\u00a0Capacidade de conduzir negocia\u00e7\u00f5es eficazes e resolver obje\u00e7\u00f5es de forma construtiva;<\/li><li><strong>Experi\u00eancia comprovada em Vendas<\/strong>: Experi\u00eancia comprovada em vendas, especialmente na venda de servi\u00e7os B2B;<\/li><li>Experi\u00eancia valorizada em marketing e comunica\u00e7\u00e3o;<\/li><li><strong>Conhecimento avan\u00e7ado de Ingl\u00eas;<\/strong><\/li><li><strong>Proatividade e Iniciativa<\/strong>: Iniciativa para identificar e resolver problemas autonomamente;<\/li><li><strong>Organiza\u00e7\u00e3o e Gest\u00e3o de Tempo<\/strong>: Habilidade para gerir m\u00faltiplas tarefas simultaneamente, manter o CRM atualizado e organizar a folha de contatos de forma eficiente;<\/li><li><strong>Habilidades interpessoais<\/strong>: Dinamismo, excelente comunica\u00e7\u00e3o, esp\u00edrito de equipa e sensibilidade para trabalhar num ambiente inclusivo e diverso;<\/li><li><strong>Atitude e valores<\/strong>: Compromisso com a transpar\u00eancia, honestidade, humildade e alinhamento com valores como autenticidade, paix\u00e3o e contributo para o sucesso coletivo;<\/li><li><strong>Criatividade e resolu\u00e7\u00e3o de desafios<\/strong>: Capacidade de pensar de forma cr\u00edtica e inovadora, com uma abordagem positiva e orientada para solu\u00e7\u00f5es;<\/li><li><strong>Desenvolvimento cont\u00ednuo<\/strong>: Interesse por aprendizagem constante, flexibilidade de adapta\u00e7\u00e3o a mudan\u00e7as e otimismo para enfrentar novos desafios.<\/li><\/ul>\t\t\t\t\t\t\t\t<\/div>\n\t\t\t\t<\/div>\n\t\t\t\t<div class=\"elementor-element elementor-element-6e97964 elementor-widget elementor-widget-text-editor\" data-id=\"6e97964\" data-element_type=\"widget\" data-e-type=\"widget\" data-widget_type=\"text-editor.default\">\n\t\t\t\t<div class=\"elementor-widget-container\">\n\t\t\t\t\t\t\t\t\t<h3 style=\"font-weight: 400;\"><strong>Tarefas e Responsabilidades:<\/strong><\/h3><ul style=\"font-weight: 400;\"><li>Contactar leads inbound e outbound, identificando novas oportunidades de neg\u00f3cio;<\/li><li>Construir e gerir a base de dados de leads;<\/li><li>Fazer prospec\u00e7\u00e3o ativa e realizar chamadas iniciais e agendar reuni\u00f5es comerciais;<\/li><li>Conduzir negocia\u00e7\u00f5es at\u00e9\u00a0at\u00e9 \u00e0 adjudica\u00e7\u00e3o formal;<\/li><li>Representar a marca\u00a0<strong>Slide Lab<\/strong>\u00a0e os seus valores de autenticidade, paix\u00e3o e esp\u00edrito de equipa.<\/li><\/ul>\t\t\t\t\t\t\t\t<\/div>\n\t\t\t\t<\/div>\n\t\t\t\t<div class=\"elementor-element elementor-element-82d3eb4 elementor-widget elementor-widget-text-editor\" data-id=\"82d3eb4\" data-element_type=\"widget\" data-e-type=\"widget\" data-widget_type=\"text-editor.default\">\n\t\t\t\t<div class=\"elementor-widget-container\">\n\t\t\t\t\t\t\t\t\t<p style=\"font-weight: 400;\">Junta-te \u00e0\u00a0<strong>Slide Lab<\/strong>\u00a0e faz parte de uma equipa apaixonada por criar solu\u00e7\u00f5es inovadoras e impactantes no mundo das apresenta\u00e7\u00f5es. Envia a tua candidatura e d\u00e1 o pr\u00f3ximo passo na tua carreira connosco!<\/p><p style=\"font-weight: 400;\">Para mais informa\u00e7\u00f5es\u00a0visita o nosso site em\u00a0<a href=\"https:\/\/slidelabpresentations.com\/en\/\" data-saferedirecturl=\"https:\/\/www.google.com\/url?q=https:\/\/slidelabpresentations.com\/&amp;source=gmail&amp;ust=1745581846482000&amp;usg=AOvVaw3kjoZUPq1puVu2Ixw43xeB\"><strong>Slide Lab<\/strong><\/a><strong>!<\/strong><\/p>\t\t\t\t\t\t\t\t<\/div>\n\t\t\t\t<\/div>\n\t\t\t\t\t<\/div>\n\t\t\t\t<\/div>\n\t\t<div class=\"elementor-element elementor-element-4f68db8 e-flex e-con-boxed e-con e-parent\" data-id=\"4f68db8\" data-element_type=\"container\" data-e-type=\"container\" data-settings=\"{&quot;background_background&quot;:&quot;classic&quot;}\">\n\t\t\t\t\t<div class=\"e-con-inner\">\n\t\t\t\t<div class=\"elementor-element elementor-element-00fc9d1 elementor-widget elementor-widget-heading\" data-id=\"00fc9d1\" data-element_type=\"widget\" data-e-type=\"widget\" data-widget_type=\"heading.default\">\n\t\t\t\t<div class=\"elementor-widget-container\">\n\t\t\t\t\t<h2 class=\"elementor-heading-title elementor-size-default\">SUBMETER CANDIDATURA<\/h2>\t\t\t\t<\/div>\n\t\t\t\t<\/div>\n\t\t\t\t<div class=\"elementor-element elementor-element-23fe611 elementor-widget elementor-widget-html\" data-id=\"23fe611\" data-element_type=\"widget\" data-e-type=\"widget\" data-widget_type=\"html.default\">\n\t\t\t\t<div class=\"elementor-widget-container\">\n\t\t\t\t\t<!-- form.123formbuilder.com script begins here -->\n<script type=\"text\/javascript\" defer src=\"https:\/\/form.123formbuilder.com\/embed\/6837164.js\" data-role=\"form\" data-default-width=\"800px\" data-custom-vars=\"hasEmbedFormStyle=1\"><\/script>\n<!-- form.123formbuilder.com script ends here -->\t\t\t\t<\/div>\n\t\t\t\t<\/div>\n\t\t\t\t\t<\/div>\n\t\t\t\t<\/div>\n\t\t\t\t<\/div>","protected":false},"excerpt":{"rendered":"<p>ACCOUNT EXECUTIVE Descri\u00e7\u00e3o: A\u00a0Slide Lab\u00a0\u00e9 uma ag\u00eancia de storytelling e design de apresenta\u00e7\u00f5es de alto impacto e tem como prop\u00f3sito ajudar as pessoas e as empresas a comunicar de forma mais envolvente, din\u00e2mica e eficaz. Somos uma ag\u00eancia em crescimento, com clientes nacionais e internacionais, e procuramos um(a)\u00a0Account Executive\u00a0para integrar a nossa equipa comercial. Como\u00a0Account [&hellip;]<\/p>\n","protected":false},"author":7,"featured_media":0,"parent":0,"menu_order":0,"comment_status":"closed","ping_status":"closed","template":"","meta":{"footnotes":""},"class_list":["post-10563","page","type-page","status-publish","hentry"],"acf":[],"_links":{"self":[{"href":"https:\/\/slidelabpresentations.com\/en\/wp-json\/wp\/v2\/pages\/10563","targetHints":{"allow":["GET"]}}],"collection":[{"href":"https:\/\/slidelabpresentations.com\/en\/wp-json\/wp\/v2\/pages"}],"about":[{"href":"https:\/\/slidelabpresentations.com\/en\/wp-json\/wp\/v2\/types\/page"}],"author":[{"embeddable":true,"href":"https:\/\/slidelabpresentations.com\/en\/wp-json\/wp\/v2\/users\/7"}],"replies":[{"embeddable":true,"href":"https:\/\/slidelabpresentations.com\/en\/wp-json\/wp\/v2\/comments?post=10563"}],"version-history":[{"count":9,"href":"https:\/\/slidelabpresentations.com\/en\/wp-json\/wp\/v2\/pages\/10563\/revisions"}],"predecessor-version":[{"id":10578,"href":"https:\/\/slidelabpresentations.com\/en\/wp-json\/wp\/v2\/pages\/10563\/revisions\/10578"}],"wp:attachment":[{"href":"https:\/\/slidelabpresentations.com\/en\/wp-json\/wp\/v2\/media?parent=10563"}],"curies":[{"name":"wp","href":"https:\/\/api.w.org\/{rel}","templated":true}]}}